{"id":5797,"date":"2019-06-17T10:09:27","date_gmt":"2019-06-17T08:09:27","guid":{"rendered":"https:\/\/www.hotel-parc-cambo.com\/confidentialite\/"},"modified":"2019-06-20T16:25:30","modified_gmt":"2019-06-20T14:25:30","slug":"confidentialite","status":"publish","type":"page","link":"https:\/\/www.hotel-parc-cambo.com\/es\/confidentialite\/","title":{"rendered":"Confidentialit\u00e9"},"content":{"rendered":"<div class=\"wpb-content-wrapper\"><p>[vc_row row_content_width=\u00bbgrid\u00bb css=\u00bb.vc_custom_1560758601883{padding-top: 130px !important;padding-bottom: 100px !important;}\u00bb][vc_column width=\u00bb2\/3&#8243; offset=\u00bbvc_col-lg-offset-2&#8243;][vc_column_text]<\/p>\n<h1>Politique de confidentialit\u00e9<\/h1>\n<p>Introduction<\/p>\n<p>Devant le d\u00e9veloppement des nouveaux outils de communication, il est n\u00e9cessaire de porter une attention particuli\u00e8re \u00e0 la protection de la vie priv\u00e9e. C&#8217;est pourquoi, nous nous engageons \u00e0 respecter la confidentialit\u00e9 des renseignements personnels que nous collectons en respect du r\u00e8glement europ\u00e9en de la protection des donn\u00e9es (RGPD).<\/p>\n<p>&nbsp;<\/p>\n<h3>Collecte des renseignements personnels<\/h3>\n<p>Nous collectons les renseignements suivants :<br \/>\n&#8211; Nom<br \/>\n&#8211; Pr\u00e9nom<br \/>\n&#8211; Soci\u00e9t\u00e9*<br \/>\n&#8211; Adresse \u00e9lectronique<br \/>\n&#8211; Num\u00e9ro de t\u00e9l\u00e9phone<\/p>\n<p>Les renseignements personnels que nous collectons sont recueillis au travers de formulaires et gr\u00e2ce \u00e0 l&#8217;interactivit\u00e9 \u00e9tablie entre vous et notre site Web. Nous utilisons \u00e9galement, comme indiqu\u00e9 dans la section suivante, des fichiers t\u00e9moins et\/ou journaux pour r\u00e9unir des informations vous concernant.<\/p>\n<p>&nbsp;<\/p>\n<h3>Formulaires et interactivit\u00e9<\/h3>\n<p>Vos renseignements personnels sont collect\u00e9s par le biais de formulaire, \u00e0 savoir :<br \/>\n&#8211; Formulaire de r\u00e9servation fournis par notre prestataire externe (Novaresa)<\/p>\n<p>Nous utilisons les renseignements ainsi collect\u00e9s pour les finalit\u00e9s suivantes :<br \/>\n&#8211; Gestion de r\u00e9servation<\/p>\n<p>&nbsp;<\/p>\n<h3>Droit d&#8217;opposition et de retrait<\/h3>\n<p>Nous nous engageons \u00e0 vous offrir un droit d&#8217;opposition et de retrait quant \u00e0 vos renseignements personnels.<br \/>\nLe droit d&#8217;opposition s&#8217;entend comme \u00e9tant la possibilit\u00e9 offerte aux internautes de refuser que leurs renseignements personnels soient utilis\u00e9s \u00e0 certaines fins mentionn\u00e9es lors de la collecte.<br \/>\nLe droit de retrait s&#8217;entend comme \u00e9tant la possibilit\u00e9 offerte aux internautes de demander \u00e0 ce que leurs renseignements personnels ne figurent plus, par exemple, dans une liste de diffusion.<\/p>\n<p>Pour pouvoir exercer ces droits, vous pouvez contacter :<br \/>\nHostellerie du Parc<br \/>\nAvenue de la mairie<br \/>\n64250 Cambo-Les-Bains<br \/>\nEmail : hostellerie.parc@orange.fr<\/p>\n<p>&nbsp;<\/p>\n<h3>Droit d&#8217;acc\u00e8s<\/h3>\n<p>Nous nous engageons \u00e0 reconna\u00eetre un droit d&#8217;acc\u00e8s et de rectification aux personnes concern\u00e9es d\u00e9sireuses de consulter, modifier, voire radier les informations les concernant.<br \/>\nL&#8217;exercice de ce droit se fera :<br \/>\nPour pouvoir exercer ces droits, vous pouvez contacter :<br \/>\nHostellerie du Parc<br \/>\nAvenue de la mairie<br \/>\n64250 Cambo-Les-Bains<br \/>\nEmail : hostellerie.parc@orange.fr<\/p>\n<p>&nbsp;<\/p>\n<h3>S\u00e9curit\u00e9<\/h3>\n<p>Les renseignements personnels que nous collectons sont conserv\u00e9s dans un environnement s\u00e9curis\u00e9. Les personnes travaillant \u00e9ventuellement pour nous sont tenues de respecter la confidentialit\u00e9 de vos informations.<br \/>\nPour assurer la s\u00e9curit\u00e9 de vos renseignements personnels, nous avons recours aux mesures suivantes :<br \/>\n&#8211; Gestion des acc\u00e8s &#8211; personne autoris\u00e9e<br \/>\n&#8211; Gestion des acc\u00e8s &#8211; personne concern\u00e9e<br \/>\n&#8211; Sauvegarde informatique<br \/>\n&#8211; Certificat SSL<br \/>\n&#8211; Pare-feu (Firewalls)<\/p>\n<p>Nous nous engageons \u00e0 maintenir un haut degr\u00e9 de confidentialit\u00e9 en int\u00e9grant les derni\u00e8res innovations technologiques permettant d&#8217;assurer la confidentialit\u00e9 de vos transactions. Toutefois, comme aucun m\u00e9canisme n&#8217;offre une s\u00e9curit\u00e9 maximale, une part de risque est toujours pr\u00e9sente lorsque l&#8217;on utilise Internet pour transmettre des renseignements personnels.<\/p>\n<p>&nbsp;<\/p>\n<h3>L\u00e9gislation<\/h3>\n<p>Nous nous engageons \u00e0 respecter les dispositions l\u00e9gislatives fran\u00e7aises[\/vc_column_text][\/vc_column][\/vc_row]<\/p>\n<\/div>","protected":false},"excerpt":{"rendered":"<p>[vc_row row_content_width=\u00bbgrid\u00bb css=\u00bb.vc_custom_1560758601883{padding-top: 130px !important;padding-bottom: 100px !important;}\u00bb][vc_column width=\u00bb2\/3&#8243; offset=\u00bbvc_col-lg-offset-2&#8243;][vc_column_text] Politique de confidentialit\u00e9 Introduction Devant le d\u00e9veloppement des nouveaux outils [&hellip;]<\/p>\n","protected":false},"author":2,"featured_media":0,"parent":0,"menu_order":0,"comment_status":"closed","ping_status":"closed","template":"full-width.php","meta":{"footnotes":""},"class_list":["post-5797","page","type-page","status-publish","hentry"],"aioseo_notices":[],"_links":{"self":[{"href":"https:\/\/www.hotel-parc-cambo.com\/es\/wp-json\/wp\/v2\/pages\/5797","targetHints":{"allow":["GET"]}}],"collection":[{"href":"https:\/\/www.hotel-parc-cambo.com\/es\/wp-json\/wp\/v2\/pages"}],"about":[{"href":"https:\/\/www.hotel-parc-cambo.com\/es\/wp-json\/wp\/v2\/types\/page"}],"author":[{"embeddable":true,"href":"https:\/\/www.hotel-parc-cambo.com\/es\/wp-json\/wp\/v2\/users\/2"}],"replies":[{"embeddable":true,"href":"https:\/\/www.hotel-parc-cambo.com\/es\/wp-json\/wp\/v2\/comments?post=5797"}],"version-history":[{"count":1,"href":"https:\/\/www.hotel-parc-cambo.com\/es\/wp-json\/wp\/v2\/pages\/5797\/revisions"}],"predecessor-version":[{"id":5799,"href":"https:\/\/www.hotel-parc-cambo.com\/es\/wp-json\/wp\/v2\/pages\/5797\/revisions\/5799"}],"wp:attachment":[{"href":"https:\/\/www.hotel-parc-cambo.com\/es\/wp-json\/wp\/v2\/media?parent=5797"}],"curies":[{"name":"wp","href":"https:\/\/api.w.org\/{rel}","templated":true}]}}